{"id":9,"date":"2022-07-25T06:11:03","date_gmt":"2022-07-25T06:11:03","guid":{"rendered":"https:\/\/flipper.lu\/?page_id=9"},"modified":"2022-09-15T17:15:28","modified_gmt":"2022-09-15T17:15:28","slug":"theaterfrenn-vum-home-peiteng","status":"publish","type":"page","link":"https:\/\/theaterfrennpeiteng.lu\/","title":{"rendered":"Theaterfr\u00ebnn vum Home P\u00e9iteng"},"content":{"rendered":"\n<p class=\"has-medium-font-size\"><strong>Wien si mir?<\/strong><\/p>\n\n\n\n<p>Jorz\u00e9ngte laang ass all Joer an de Wanterm\u00e9int am Home Theater gespillt ginn, wat bei ville P\u00e9itenger Leit \u00ebmmer gutt ukomm ass. Si hunn sech Jor fir Jor gefreet op hir Theatervirstellungen am Home, gespillt vun de Scouten, der JEC, der lokaler Entente, de Gesangsver\u00e4iner, der Musek, &#8230; Mee lues a lues ass d\u00ebs sch\u00e9in Traditioun verschwonnen.<\/p>\n\n\n\n<p>W\u00e9i dunn den Home St Hubert vu P\u00e9iteng virun en ettlech Joren mat H\u00ebllef vun der Gemeng komplett renov\u00e9iert ginn ass, do gouf t\u00ebschent der B\u00fchn an der Cr\u00e8che ee Schminksall gebaut, mat Toilett fir M\u00e4nner an eng fir Fraen, mat Lavabo an Dusch, fir de Fall wou nees g\u00e9if Theater gespillt ginn, huet et deemools an der Gemeng geheescht. <\/p>\n\n\n\n<p>Am Joer 2013 soutz ee Grupp P\u00e9itenger am Home zesummen, huet sech beim Patt un di sch\u00e9in al Z\u00e4iten er\u00ebnnert d\u00e9i si an hir Elteren am Home verbruecht haten, an do gouf d&#8217;Iddi gebuer di sch\u00e9in al Theatertraditioun nees opbl\u00e9ien ze loossen. <em>&#8222;Komm m\u00e4r spille nees Theater am Home!&#8220;<\/em>, ware si sech eens, d&#8217;Theaterfr\u00ebnn vum Home, w\u00e9i sech spontan genannt hunn. An esou ass dunn, genee w\u00e9i an de gudden aalen Z\u00e4iten, nees Liewen op d&#8217;Brieder vun der B\u00fcn komm, an d&#8217;EOC konnt sech free\u00ebn dass elo nees, genee w\u00e9i fr\u00e9ier Theater zu P\u00e9iteng am Home gespillt g\u00ebtt. <\/p>\n\n\n\n<p>Jo, s\u00e4it 2013 gouf all Joer Enn November\/Ufanks Dezember mat vill Erfolleg ee l\u00ebschtegt l\u00ebtzebuerger Theaterst\u00e9ck produz\u00e9iert , ausser am Joer 2020 wou w\u00e9inst dem COVID keen Theater am Home gespillt konnt ginn.<\/p>\n\n\n\n<p>D&#8216;<strong>Theaterfr\u00ebnn vum P\u00e9itenger Home<\/strong> loossen eng sch\u00e9in al Traditioun nees opliewen getrei dem Motto: <em>&#8222;Esou war bei eis et schonns fr\u00e9ier, esou ass et bei eis och nach haut.&#8220;<\/em><\/p>\n\n\n\n<p>Kommt eis kucken, well et lount sech!<\/p>\n\n\n\n<figure class=\"wp-block-image size-large\"><img loading=\"lazy\" decoding=\"async\" width=\"1024\" height=\"681\" src=\"https:\/\/theaterfrennpeiteng.lu\/wp-content\/uploads\/2022\/07\/NIKON-D40-DSC_3398-scaled-1024x681.jpg\" alt=\"P\u00e9itenger Home\" class=\"wp-image-117\" srcset=\"https:\/\/theaterfrennpeiteng.lu\/wp-content\/uploads\/2022\/07\/NIKON-D40-DSC_3398-scaled-1024x681.jpg 1024w, https:\/\/theaterfrennpeiteng.lu\/wp-content\/uploads\/2022\/07\/NIKON-D40-DSC_3398-scaled-300x199.jpg 300w, https:\/\/theaterfrennpeiteng.lu\/wp-content\/uploads\/2022\/07\/NIKON-D40-DSC_3398-scaled-768x511.jpg 768w, https:\/\/theaterfrennpeiteng.lu\/wp-content\/uploads\/2022\/07\/NIKON-D40-DSC_3398-scaled-1536x1021.jpg 1536w, https:\/\/theaterfrennpeiteng.lu\/wp-content\/uploads\/2022\/07\/NIKON-D40-DSC_3398-scaled-2048x1362.jpg 2048w\" sizes=\"auto, (max-width: 767px) 89vw, (max-width: 1000px) 54vw, (max-width: 1071px) 543px, 580px\" \/><figcaption>P\u00e9itenger Home<\/figcaption><\/figure>\n","protected":false},"excerpt":{"rendered":"<p>Wien si mir? Jorz\u00e9ngte laang ass all Joer an de Wanterm\u00e9int am Home Theater gespillt ginn, wat bei ville P\u00e9itenger Leit \u00ebmmer gutt ukomm ass. Si hunn sech Jor fir Jor gefreet op hir Theatervirstellungen am Home, gespillt vun de Scouten, der JEC, der lokaler Entente, de Gesangsver\u00e4iner, der Musek, &#8230; Mee lues a lues &hellip; <\/p>\n<p class=\"link-more\"><a href=\"https:\/\/theaterfrennpeiteng.lu\/\" class=\"more-link\"><span class=\"screen-reader-text\">\u201eTheaterfr\u00ebnn vum Home P\u00e9iteng\u201c<\/span> weiterlesen<\/a><\/p>\n","protected":false},"author":2,"featured_media":0,"parent":0,"menu_order":0,"comment_status":"closed","ping_status":"closed","template":"","meta":{"footnotes":""},"class_list":["post-9","page","type-page","status-publish","hentry"],"yoast_head":"<!-- This site is optimized with the Yoast SEO plugin v25.9 - https:\/\/yoast.com\/wordpress\/plugins\/seo\/ -->\n<title>Theaterfr\u00ebnn vum Home P\u00e9iteng - Theaterfr\u00ebnn<\/title>\n<meta name=\"robots\" content=\"index, follow, max-snippet:-1, max-image-preview:large, max-video-preview:-1\" \/>\n<link rel=\"canonical\" href=\"https:\/\/theaterfrennpeiteng.lu\/\" \/>\n<meta property=\"og:locale\" content=\"de_DE\" \/>\n<meta property=\"og:type\" content=\"article\" \/>\n<meta property=\"og:title\" content=\"Theaterfr\u00ebnn vum Home P\u00e9iteng - Theaterfr\u00ebnn\" \/>\n<meta property=\"og:description\" content=\"Wien si mir? Jorz\u00e9ngte laang ass all Joer an de Wanterm\u00e9int am Home Theater gespillt ginn, wat bei ville P\u00e9itenger Leit \u00ebmmer gutt ukomm ass. Si hunn sech Jor fir Jor gefreet op hir Theatervirstellungen am Home, gespillt vun de Scouten, der JEC, der lokaler Entente, de Gesangsver\u00e4iner, der Musek, &#8230; Mee lues a lues &hellip; \u201eTheaterfr\u00ebnn vum Home P\u00e9iteng\u201c weiterlesen\" \/>\n<meta property=\"og:url\" content=\"https:\/\/theaterfrennpeiteng.lu\/\" \/>\n<meta property=\"og:site_name\" content=\"Theaterfr\u00ebnn\" \/>\n<meta property=\"article:modified_time\" content=\"2022-09-15T17:15:28+00:00\" \/>\n<meta property=\"og:image\" content=\"https:\/\/theaterfrennpeiteng.lu\/wp-content\/uploads\/2022\/07\/NIKON-D40-DSC_3398-scaled-1024x681.jpg\" \/>\n<meta name=\"twitter:card\" content=\"summary_large_image\" \/>\n<meta name=\"twitter:label1\" content=\"Gesch\u00e4tzte Lesezeit\" \/>\n\t<meta name=\"twitter:data1\" content=\"2\u00a0Minuten\" \/>\n<script type=\"application\/ld+json\" class=\"yoast-schema-graph\">{\"@context\":\"https:\/\/schema.org\",\"@graph\":[{\"@type\":\"WebPage\",\"@id\":\"https:\/\/theaterfrennpeiteng.lu\/\",\"url\":\"https:\/\/theaterfrennpeiteng.lu\/\",\"name\":\"Theaterfr\u00ebnn vum Home P\u00e9iteng - Theaterfr\u00ebnn\",\"isPartOf\":{\"@id\":\"https:\/\/theaterfrennpeiteng.lu\/#website\"},\"primaryImageOfPage\":{\"@id\":\"https:\/\/theaterfrennpeiteng.lu\/#primaryimage\"},\"image\":{\"@id\":\"https:\/\/theaterfrennpeiteng.lu\/#primaryimage\"},\"thumbnailUrl\":\"https:\/\/theaterfrennpeiteng.lu\/wp-content\/uploads\/2022\/07\/NIKON-D40-DSC_3398-scaled-1024x681.jpg\",\"datePublished\":\"2022-07-25T06:11:03+00:00\",\"dateModified\":\"2022-09-15T17:15:28+00:00\",\"breadcrumb\":{\"@id\":\"https:\/\/theaterfrennpeiteng.lu\/#breadcrumb\"},\"inLanguage\":\"de\",\"potentialAction\":[{\"@type\":\"ReadAction\",\"target\":[\"https:\/\/theaterfrennpeiteng.lu\/\"]}]},{\"@type\":\"ImageObject\",\"inLanguage\":\"de\",\"@id\":\"https:\/\/theaterfrennpeiteng.lu\/#primaryimage\",\"url\":\"https:\/\/theaterfrennpeiteng.lu\/wp-content\/uploads\/2022\/07\/NIKON-D40-DSC_3398-scaled.jpg\",\"contentUrl\":\"https:\/\/theaterfrennpeiteng.lu\/wp-content\/uploads\/2022\/07\/NIKON-D40-DSC_3398-scaled.jpg\",\"width\":2560,\"height\":1702,\"caption\":\"P\u00e9itenger Home\"},{\"@type\":\"BreadcrumbList\",\"@id\":\"https:\/\/theaterfrennpeiteng.lu\/#breadcrumb\",\"itemListElement\":[{\"@type\":\"ListItem\",\"position\":1,\"name\":\"Startseite\",\"item\":\"https:\/\/theaterfrennpeiteng.lu\/\"},{\"@type\":\"ListItem\",\"position\":2,\"name\":\"Theaterfr\u00ebnn vum Home P\u00e9iteng\"}]},{\"@type\":\"WebSite\",\"@id\":\"https:\/\/theaterfrennpeiteng.lu\/#website\",\"url\":\"https:\/\/theaterfrennpeiteng.lu\/\",\"name\":\"Theaterfr\u00ebnn\",\"description\":\"Website Theaterfr\u00ebnn\",\"potentialAction\":[{\"@type\":\"SearchAction\",\"target\":{\"@type\":\"EntryPoint\",\"urlTemplate\":\"https:\/\/theaterfrennpeiteng.lu\/?s={search_term_string}\"},\"query-input\":{\"@type\":\"PropertyValueSpecification\",\"valueRequired\":true,\"valueName\":\"search_term_string\"}}],\"inLanguage\":\"de\"}]}<\/script>\n<!-- \/ Yoast SEO plugin. -->","yoast_head_json":{"title":"Theaterfr\u00ebnn vum Home P\u00e9iteng - Theaterfr\u00ebnn","robots":{"index":"index","follow":"follow","max-snippet":"max-snippet:-1","max-image-preview":"max-image-preview:large","max-video-preview":"max-video-preview:-1"},"canonical":"https:\/\/theaterfrennpeiteng.lu\/","og_locale":"de_DE","og_type":"article","og_title":"Theaterfr\u00ebnn vum Home P\u00e9iteng - Theaterfr\u00ebnn","og_description":"Wien si mir? Jorz\u00e9ngte laang ass all Joer an de Wanterm\u00e9int am Home Theater gespillt ginn, wat bei ville P\u00e9itenger Leit \u00ebmmer gutt ukomm ass. Si hunn sech Jor fir Jor gefreet op hir Theatervirstellungen am Home, gespillt vun de Scouten, der JEC, der lokaler Entente, de Gesangsver\u00e4iner, der Musek, &#8230; Mee lues a lues &hellip; \u201eTheaterfr\u00ebnn vum Home P\u00e9iteng\u201c weiterlesen","og_url":"https:\/\/theaterfrennpeiteng.lu\/","og_site_name":"Theaterfr\u00ebnn","article_modified_time":"2022-09-15T17:15:28+00:00","og_image":[{"url":"https:\/\/theaterfrennpeiteng.lu\/wp-content\/uploads\/2022\/07\/NIKON-D40-DSC_3398-scaled-1024x681.jpg","type":"","width":"","height":""}],"twitter_card":"summary_large_image","twitter_misc":{"Gesch\u00e4tzte Lesezeit":"2\u00a0Minuten"},"schema":{"@context":"https:\/\/schema.org","@graph":[{"@type":"WebPage","@id":"https:\/\/theaterfrennpeiteng.lu\/","url":"https:\/\/theaterfrennpeiteng.lu\/","name":"Theaterfr\u00ebnn vum Home P\u00e9iteng - Theaterfr\u00ebnn","isPartOf":{"@id":"https:\/\/theaterfrennpeiteng.lu\/#website"},"primaryImageOfPage":{"@id":"https:\/\/theaterfrennpeiteng.lu\/#primaryimage"},"image":{"@id":"https:\/\/theaterfrennpeiteng.lu\/#primaryimage"},"thumbnailUrl":"https:\/\/theaterfrennpeiteng.lu\/wp-content\/uploads\/2022\/07\/NIKON-D40-DSC_3398-scaled-1024x681.jpg","datePublished":"2022-07-25T06:11:03+00:00","dateModified":"2022-09-15T17:15:28+00:00","breadcrumb":{"@id":"https:\/\/theaterfrennpeiteng.lu\/#breadcrumb"},"inLanguage":"de","potentialAction":[{"@type":"ReadAction","target":["https:\/\/theaterfrennpeiteng.lu\/"]}]},{"@type":"ImageObject","inLanguage":"de","@id":"https:\/\/theaterfrennpeiteng.lu\/#primaryimage","url":"https:\/\/theaterfrennpeiteng.lu\/wp-content\/uploads\/2022\/07\/NIKON-D40-DSC_3398-scaled.jpg","contentUrl":"https:\/\/theaterfrennpeiteng.lu\/wp-content\/uploads\/2022\/07\/NIKON-D40-DSC_3398-scaled.jpg","width":2560,"height":1702,"caption":"P\u00e9itenger Home"},{"@type":"BreadcrumbList","@id":"https:\/\/theaterfrennpeiteng.lu\/#breadcrumb","itemListElement":[{"@type":"ListItem","position":1,"name":"Startseite","item":"https:\/\/theaterfrennpeiteng.lu\/"},{"@type":"ListItem","position":2,"name":"Theaterfr\u00ebnn vum Home P\u00e9iteng"}]},{"@type":"WebSite","@id":"https:\/\/theaterfrennpeiteng.lu\/#website","url":"https:\/\/theaterfrennpeiteng.lu\/","name":"Theaterfr\u00ebnn","description":"Website Theaterfr\u00ebnn","potentialAction":[{"@type":"SearchAction","target":{"@type":"EntryPoint","urlTemplate":"https:\/\/theaterfrennpeiteng.lu\/?s={search_term_string}"},"query-input":{"@type":"PropertyValueSpecification","valueRequired":true,"valueName":"search_term_string"}}],"inLanguage":"de"}]}},"_links":{"self":[{"href":"https:\/\/theaterfrennpeiteng.lu\/index.php?rest_route=\/wp\/v2\/pages\/9","targetHints":{"allow":["GET"]}}],"collection":[{"href":"https:\/\/theaterfrennpeiteng.lu\/index.php?rest_route=\/wp\/v2\/pages"}],"about":[{"href":"https:\/\/theaterfrennpeiteng.lu\/index.php?rest_route=\/wp\/v2\/types\/page"}],"author":[{"embeddable":true,"href":"https:\/\/theaterfrennpeiteng.lu\/index.php?rest_route=\/wp\/v2\/users\/2"}],"replies":[{"embeddable":true,"href":"https:\/\/theaterfrennpeiteng.lu\/index.php?rest_route=%2Fwp%2Fv2%2Fcomments&post=9"}],"version-history":[{"count":17,"href":"https:\/\/theaterfrennpeiteng.lu\/index.php?rest_route=\/wp\/v2\/pages\/9\/revisions"}],"predecessor-version":[{"id":326,"href":"https:\/\/theaterfrennpeiteng.lu\/index.php?rest_route=\/wp\/v2\/pages\/9\/revisions\/326"}],"wp:attachment":[{"href":"https:\/\/theaterfrennpeiteng.lu\/index.php?rest_route=%2Fwp%2Fv2%2Fmedia&parent=9"}],"curies":[{"name":"wp","href":"https:\/\/api.w.org\/{rel}","templated":true}]}}